{"id":7,"date":"2015-12-04T21:16:18","date_gmt":"2015-12-04T20:16:18","guid":{"rendered":"http:\/\/kineticfit.de\/?page_id=7"},"modified":"2021-01-03T16:09:19","modified_gmt":"2021-01-03T15:09:19","slug":"leistungen","status":"publish","type":"page","link":"https:\/\/kineticfit.de\/?page_id=7","title":{"rendered":"Leistungen"},"content":{"rendered":"\n<ul><li>Massage<\/li><li>Hausbesuch<\/li><li>Kinesiotaping<\/li><li>Elektrotherapie<\/li><li>Krankengynastik<\/li><li>Manuelle Lymphdrainage<\/li><li>W\u00e4rme- und K\u00e4ltetherapie<\/li><li>Krankengymnastik am Ger\u00e4te<\/li><\/ul>\n\n\n\n<p><\/p>\n","protected":false},"excerpt":{"rendered":"<p>Massage Hausbesuch Kinesiotaping Elektrotherapie Krankengynastik Manuelle Lymphdrainage W\u00e4rme- und K\u00e4ltetherapie Krankengymnastik am Ger\u00e4te<\/p>\n","protected":false},"author":1,"featured_media":0,"parent":0,"menu_order":0,"comment_status":"closed","ping_status":"closed","template":"","meta":[],"_links":{"self":[{"href":"https:\/\/kineticfit.de\/index.php?rest_route=\/wp\/v2\/pages\/7"}],"collection":[{"href":"https:\/\/kineticfit.de\/index.php?rest_route=\/wp\/v2\/pages"}],"about":[{"href":"https:\/\/kineticfit.de\/index.php?rest_route=\/wp\/v2\/types\/page"}],"author":[{"embeddable":true,"href":"https:\/\/kineticfit.de\/index.php?rest_route=\/wp\/v2\/users\/1"}],"replies":[{"embeddable":true,"href":"https:\/\/kineticfit.de\/index.php?rest_route=%2Fwp%2Fv2%2Fcomments&post=7"}],"version-history":[{"count":4,"href":"https:\/\/kineticfit.de\/index.php?rest_route=\/wp\/v2\/pages\/7\/revisions"}],"predecessor-version":[{"id":32,"href":"https:\/\/kineticfit.de\/index.php?rest_route=\/wp\/v2\/pages\/7\/revisions\/32"}],"wp:attachment":[{"href":"https:\/\/kineticfit.de\/index.php?rest_route=%2Fwp%2Fv2%2Fmedia&parent=7"}],"curies":[{"name":"wp","href":"https:\/\/api.w.org\/{rel}","templated":true}]}}